{"id":3,"date":"2019-06-12T09:37:22","date_gmt":"2019-06-12T12:37:22","guid":{"rendered":"http:\/\/localhost\/wp-si9\/?page_id=3"},"modified":"2024-06-16T18:32:24","modified_gmt":"2024-06-16T21:32:24","slug":"politica-de-privacidade","status":"publish","type":"page","link":"https:\/\/si9sistemas.com.br\/blog\/politica-de-privacidade\/","title":{"rendered":"Pol\u00edtica de privacidade"},"content":{"rendered":"\t\t<div data-elementor-type=\"wp-page\" data-elementor-id=\"3\" class=\"elementor elementor-3\" data-elementor-post-type=\"page\">\n\t\t\t\t<div class=\"elementor-element elementor-element-7165ae10 e-flex e-con-boxed e-con e-parent\" data-id=\"7165ae10\" data-element_type=\"container\" data-e-type=\"container\">\n\t\t\t\t\t<div class=\"e-con-inner\">\n\t\t\t\t<div class=\"elementor-element elementor-element-414550f7 elementor-widget elementor-widget-text-editor\" data-id=\"414550f7\" data-element_type=\"widget\" data-e-type=\"widget\" data-widget_type=\"text-editor.default\">\n\t\t\t\t<div class=\"elementor-widget-container\">\n\t\t\t\t\t\t\t\t\t<h1 style=\"text-align: center;\">POL\u00cdTICA DE PRIVACIDADE (LGPD)<\/h1>\n<div>&nbsp;<\/div>\n<p style=\"text-align: justify;\">As seguintes regras e condi\u00e7\u00f5es ser\u00e3o consideradas aceitas pelo usu\u00e1rio, a partir da utiliza\u00e7\u00e3o dos servi\u00e7os fornecidos pela SI9 SISTEMAS. Assim, \u00e9 imprescind\u00edvel a leitura cuidadosa das regras previstas no presente instrumento, as quais, apresentam as condi\u00e7\u00f5es, deveres e direitos dos usu\u00e1rios.<\/p>\n<h2 style=\"text-align: justify;\">1. Objetivo:<\/h2>\n<p style=\"text-align: justify;\">O presente instrumento foi criado com a finalidade de reafirmar o compromisso que o CONTRATADO (SI9 SISTEMAS) possui, com a seguran\u00e7a, transpar\u00eancia e privacidade no tratamento dos dados fornecidos pelos usu\u00e1rios e CONTRATANTES. Esta Pol\u00edtica de Privacidade, busca descrever como \u00e9 realizada a coleta e tratamento dos dados do usu\u00e1rio que utilizam o software, produtos e servi\u00e7os fornecidos pelo CONTRATADO. Ao acessar e\/ou utilizar qualquer dos produtos ou servi\u00e7os fornecidos pelo CONTRATADO, o usu\u00e1rio declara ter realizado a leitura completa e atenta deste instrumento, expressando sua aceita\u00e7\u00e3o plena e sem reservas dos termos presentes neste instrumento, para todos os fins de direito, incluindo a coleta de dados. Nos casos de n\u00e3o concord\u00e2ncia com qualquer dos termos aqui presentes, o usu\u00e1rio n\u00e3o dever\u00e1 utilizar os produtos e servi\u00e7os fornecidos.<\/p>\n<h2 style=\"text-align: justify;\">2. Dados pessoais coletados:<\/h2>\n<p style=\"text-align: justify;\">Informa\u00e7\u00f5es fornecidas pelos usu\u00e1rios: O CONTRATADO coleta todas as informa\u00e7\u00f5es de identifica\u00e7\u00e3o pessoal, cadastrada pelo usu\u00e1rio ou aquele que interagir com os ambientes dos produtos e servi\u00e7os fornecidos. Dados e informa\u00e7\u00f5es coletadas: nome\/raz\u00e3o social, CPF\/CNPJ, RG\/CNH, endere\u00e7o, telefone, endere\u00e7o de e-mail, cargo e empresa que trabalha, selfie, informa\u00e7\u00f5es banc\u00e1rias como dados de cart\u00e3o de cr\u00e9dito, banco, n\u00famero da ag\u00eancia e da conta corrente e valores. O usu\u00e1rio est\u00e1 ciente que ao aceitar o presente instrumento, poder\u00e3o ser realizadas consultas externas, como: Serasa, Receita Federal e Google, para complementar o cadastro e detectar poss\u00edveis fraudes. &#8211; Informa\u00e7\u00f5es de navega\u00e7\u00e3o: Ao acessar o site do CONTRATADO, \u00e9 solicitada a habilita\u00e7\u00e3o de cookies do navegador do usu\u00e1rio, o que possibilita o melhor funcionamento do site e software fornecidos. A habilita\u00e7\u00e3o, armazenar\u00e1 as seguintes informa\u00e7\u00f5es: endere\u00e7o de Protocolo de Internet (endere\u00e7o IP), registro de acesso, geolocaliza\u00e7\u00e3o do endere\u00e7o IP, tipo do navegador utilizado, vers\u00e3o do sistema operacional, modelo e caracter\u00edsticas do aparelho m\u00f3vel, banda de internet, operadora, dura\u00e7\u00e3o da visita, caminhos de navega\u00e7\u00e3o ao site, comportamento de pageview e p\u00e1ginas visitadas. A coleta das informa\u00e7\u00f5es acima descritas, s\u00e3o utilizadas exclusivamente para evitar fraudes, identificar bugs, melhorias dos sistemas e sites, performance dos servi\u00e7os prestados e monitoramento de marketing e campanhas. &#8211; Demais informa\u00e7\u00f5es coletadas: S\u00e3o coletados ainda dados dos usu\u00e1rios como conte\u00fados baixados a partir do site do CONTRATADO, intera\u00e7\u00f5es via e-mail, telefone, chats e chamados\/solicita\u00e7\u00e3o de informa\u00e7\u00f5es.<\/p>\n<h2 style=\"text-align: justify;\">3. Finalidades da coleta de dados pessoais:<\/h2>\n<p style=\"text-align: justify;\">Os dados coletados pelo CONTRATADO, possuem a finalidade de identificar e autenticar informa\u00e7\u00f5es fornecidas pelos usu\u00e1rios; permitindo ofertas de produtos e servi\u00e7os; prote\u00e7\u00e3o ao cr\u00e9dito; preven\u00e7\u00e3o e combate de crimes financeiros; financiamento de atividades il\u00edcitas; resolu\u00e7\u00e3o de problemas t\u00e9cnicos ou de seguran\u00e7a nos processos de identifica\u00e7\u00e3o e autentica\u00e7\u00e3o; melhoria dos produtos e servi\u00e7os fornecidos; tratamento de dados sens\u00edveis, como biometria e fotografia, para prevenir fraudes e garantir a seguran\u00e7a dos servi\u00e7os contratados. O CONTRATADO pode ainda, coletar dados para cumprir a legisla\u00e7\u00e3o vigente e aplic\u00e1vel, com as seguintes finalidades:<\/p>\n<ul>\n<li>&nbsp;Cadastro e identifica\u00e7\u00e3o do usu\u00e1rio, mediante m\u00e9todos de autentica\u00e7\u00e3o, para acesso aos servi\u00e7os e produtos fornecidos, possibilitando um atendimento direcionado ao usu\u00e1rio;<\/li>\n<li>&nbsp;Pr\u00e1tica e execu\u00e7\u00e3o de Transa\u00e7\u00f5es, de forma segura, prevenindo fraudes e riscos associados, al\u00e9m da prote\u00e7\u00e3o ao cr\u00e9dito;<\/li>\n<li>&nbsp;Elabora\u00e7\u00e3o de estat\u00edsticas de uso personalizado e melhoria das ferramentas existentes no software e site do CONTRATADO;<\/li>\n<li>&nbsp;Respaldo \u00e0 tomada de decis\u00f5es estrat\u00e9gicas, padr\u00f5es de uso das ferramentas e servi\u00e7os disponibilizados pelo CONTRATADO e an\u00e1lise de utiliza\u00e7\u00e3o dos servi\u00e7os pelo usu\u00e1rio;<\/li>\n<li>&nbsp;Marketing e melhorias no relacionamento do CONTRATADO e seus usu\u00e1rios;<\/li>\n<li>&nbsp;Notifica\u00e7\u00e3o dos usu\u00e1rios a respeito de altera\u00e7\u00f5es nas plataformas e\/ou nos servi\u00e7os, cumprir as obriga\u00e7\u00f5es advindas da legisla\u00e7\u00e3o vigente e assumidas na contrata\u00e7\u00e3o dos servi\u00e7os e\/ou acesso\/utiliza\u00e7\u00e3o das plataformas do CONTRATADO;<\/li>\n<li>&nbsp;Medidas necess\u00e1rias e recomendadas para a melhoria das funcionalidades das plataformas e oferta dos servi\u00e7os, bem como, melhorar e atender as necessidades dos usu\u00e1rios;<\/li>\n<li>&nbsp;Armazenamento de informa\u00e7\u00f5es, dados, comunica\u00e7\u00f5es e outros ligados ao acesso e utiliza\u00e7\u00e3o das plataformas e servi\u00e7os contratados, bem como o cumprimento de obriga\u00e7\u00f5es legais e regulat\u00f3rias impostas ao CONTRATADO. O CONTRATADO poder\u00e1 utilizar dados para finalidades n\u00e3o previstas nesta pol\u00edtica de privacidade, por\u00e9m, estas ir\u00e3o atender as leg\u00edtimas expectativas dos usu\u00e1rios. O uso eventual dos seus dados para fins que n\u00e3o cumpram com as prerrogativas dispostas neste instrumento, ser\u00e3o feitas mediante ci\u00eancia pr\u00e9via dos usu\u00e1rios.<\/li>\n<\/ul>\n<h2 style=\"text-align: justify;\">4. Compartilhamento de dados pessoais:<\/h2>\n<p style=\"text-align: justify;\">Para que todas as atividades descritas no presente instrumento e demais servi\u00e7os e funcionalidades contratados sejam cumpridos com qualidade e efici\u00eancia, alguns dados podem ser compartilhados com empresas parceiras do grupo SI9 SISTEMAS, \u00f3rg\u00e3os reguladores e prestadores de servi\u00e7os. A SI9 SISTEMAS n\u00e3o realiza a comercializa\u00e7\u00e3o de dados. Os parceiros do Grupo SI9 SISTEMAS, trabalham em conformidade com os padr\u00f5es de seguran\u00e7a e privacidade do mercado que s\u00e3o exigidos pelos \u00f3rg\u00e3os reguladores e pelo CONTRATADO. O acesso \u00e9 limitado aos dados necess\u00e1rios para a realiza\u00e7\u00e3o de suas fun\u00e7\u00f5es. Contamos com parceiros com as seguintes atua\u00e7\u00f5es: consultas de cr\u00e9dito, intermedia\u00e7\u00e3o de pagamentos, identifica\u00e7\u00e3o de fraudes, armazenamento em nuvem, envio e recebimento automatizado de e-mails e emiss\u00e3o de seguros.<\/p>\n<h2 style=\"text-align: justify;\">5. Armazenamento de dados:<\/h2>\n<p style=\"text-align: justify;\">Os dados dos usu\u00e1rios s\u00e3o armazenados e mantidos no banco de dados do CONTRATADO enquanto forem necess\u00e1rios para a presta\u00e7\u00e3o dos servi\u00e7os fornecidos e fins comerciais necess\u00e1rios, manuten\u00e7\u00e3o do desempenho dos servi\u00e7os, tomada de decis\u00f5es empresariais, funcionalidades e ofertas, bem como, o cumprimento das obriga\u00e7\u00f5es legais e\/ou regulat\u00f3rias para a solu\u00e7\u00e3o de conflitos.<\/p>\n<h2 style=\"text-align: justify;\">6. Direitos dos usu\u00e1rios titulares dos dados pessoais:<\/h2>\n<p style=\"text-align: justify;\">Os titulares dos dados possuem direito a:<\/p>\n<ul>\n<li>Solicitar informa\u00e7\u00f5es sobre o tratamento de seus dados pessoais atrav\u00e9s de informa\u00e7\u00f5es claras e a origem dos dados armazenados;<\/li>\n<li>Solicitar acesso aos seus dados pessoais armazenados pelo CONTRATADO;<\/li>\n<li>Requerer a corre\u00e7\u00e3o de dados incompletos, equivocados ou desatualizados;<\/li>\n<li>Obter informa\u00e7\u00f5es acerca da possibilidade e consequ\u00eancias de seu n\u00e3o consentimento sobre quaisquer opera\u00e7\u00f5es de tratamento de dados;<\/li>\n<li>Requerer a dispensa, cessa\u00e7\u00e3o ou exclus\u00e3o de seus dados tratados em discord\u00e2ncia com a LGPD;<\/li>\n<li>Remover o consentimento dos tratamentos de dados pessoais, descritos no presente instrumento;<\/li>\n<li>Solicitar a transfer\u00eancia de seus dados pessoais para fornecedor de servi\u00e7o ou produto diverso ao do CONTRATADO. O usu\u00e1rio titular dos dados pode exercer os direitos acima citados sem quaisquer \u00f4nus e a qualquer tempo, entrando em contato atrav\u00e9s do e-mail, o qual possibilita o exerc\u00edcio de seus direitos. Importante ainda, esclarecer que o grupo SI9 SISTEMAS n\u00e3o realiza qualquer altera\u00e7\u00e3o nos dados coletados realizando t\u00e3o somente o armazenamento das informa\u00e7\u00f5es. Com base na solicita\u00e7\u00e3o do usu\u00e1rio, a a\u00e7\u00e3o desejada ser\u00e1 analisada e executada, exceto nos casos que forem legalmente permitidos ou obrigat\u00f3ria a manuten\u00e7\u00e3o de determinados dados pessoais, incluindo as seguintes situa\u00e7\u00f5es:<\/li>\n<li>Existindo problemas n\u00e3o resolvidos, relativos ao contrato de servi\u00e7os e produtos entre o CONTRATANTE e o CONTRATADOS, os dados pessoais necess\u00e1rios ser\u00e3o retidos at\u00e9 que o conflito seja sanado;<\/li>\n<li>Havendo previs\u00e3o legal sobre a manuten\u00e7\u00e3o dos dados, tendo como escopo obriga\u00e7\u00f5es jur\u00eddicas, fiscais, de auditoria ou contabilidade, ficando os dados dispon\u00edveis pelo per\u00edodo exigido pela legisla\u00e7\u00e3o aplic\u00e1vel;<\/li>\n<li>Caso necess\u00e1rios para fins comerciais, preven\u00e7\u00e3o contra fraudes ou manuten\u00e7\u00e3o da seguran\u00e7a dos usu\u00e1rios.<\/li>\n<\/ul>\n<h2 style=\"text-align: justify;\">7. Seguran\u00e7a dos dados:<\/h2>\n<p style=\"text-align: justify;\">O CONTRATADO realiza todos os esfor\u00e7os necess\u00e1rios com a inten\u00e7\u00e3o de garantir a prote\u00e7\u00e3o dos dados contra acessos n\u00e3o autorizados e usos indevidos por meio de tecnologias, pr\u00e1ticas de seguran\u00e7a cibern\u00e9tica e pol\u00edticas internas de seguran\u00e7a na realiza\u00e7\u00e3o da coleta e armazenamento de dados, por meio de comunica\u00e7\u00e3o criptografada e sistemas anti-intrus\u00e3o. Todos os dados coletados s\u00e3o armazenados nos servidores do CONTRATADO localizados no Brasil e tamb\u00e9m em nuvem (cloud computing), o que possibilita a transfer\u00eancia e processamento dos dados de forma remota.<\/p>\n<h2 style=\"text-align: justify;\">8. altera\u00e7\u00f5es futuras do presente instrumento:<\/h2>\n<p style=\"text-align: justify;\">As regras ora estabelecidas poder\u00e3o ser alteradas a qualquer momento, sem aviso pr\u00e9vio, sendo de responsabilidade dos usu\u00e1rios verificarem as altera\u00e7\u00f5es das vers\u00f5es futuras, as quais, ser\u00e3o disponibilizadas no site do CONTRATADO, que entrar\u00e3o em vigor t\u00e3o logo sejam publicadas, considerando a utiliza\u00e7\u00e3o pelos usu\u00e1rios, ap\u00f3s sua publica\u00e7\u00e3o, a expressa concord\u00e2ncia e aceite dos novos termos.<\/p>\n<h2 style=\"text-align: justify;\">9. Lei aplic\u00e1vel e foro competente:<\/h2>\n<p style=\"text-align: justify;\">Este documento \u00e9 regido de acordo com as leis brasileiras, em especial pela Lei Geral de Prote\u00e7\u00e3o de Dados (LGPD). Fica eleito o Foro da Comarca de Dois Vizinhos, Estado do Paran\u00e1 como o competente para dirimir quaisquer quest\u00f5es que por ventura possam decorrer do presente documento, com expressa ren\u00fancia de qualquer outro, por mais privilegiado que seja.<\/p><p style=\"text-align: justify;\"><br><\/p>\n<p style=\"text-align: center;\">SI9 SISTEMAS CNPJ n. 09.468.841\/0001-00.<\/p>\t\t\t\t\t\t\t\t<\/div>\n\t\t\t\t<\/div>\n\t\t\t\t\t<\/div>\n\t\t\t\t<\/div>\n\t\t\t\t<\/div>\n\t\t","protected":false},"excerpt":{"rendered":"<p>POL\u00cdTICA DE PRIVACIDADE (LGPD) &nbsp; As seguintes regras e condi\u00e7\u00f5es ser\u00e3o consideradas aceitas pelo usu\u00e1rio, a partir da utiliza\u00e7\u00e3o dos servi\u00e7os fornecidos pela SI9 SISTEMAS. Assim, \u00e9 imprescind\u00edvel a leitura cuidadosa das regras previstas no presente instrumento, as quais, apresentam as condi\u00e7\u00f5es, deveres e direitos dos usu\u00e1rios. 1. Objetivo: O presente instrumento foi criado com [&hellip;]<\/p>\n","protected":false},"author":1,"featured_media":0,"parent":0,"menu_order":0,"comment_status":"closed","ping_status":"closed","template":"","meta":{"footnotes":""},"class_list":["post-3","page","type-page","status-publish","hentry"],"yoast_head":"<!-- This site is optimized with the Yoast SEO plugin v24.5 - https:\/\/yoast.com\/wordpress\/plugins\/seo\/ -->\n<title>Pol\u00edtica de privacidade - Si9 Sistemas<\/title>\n<meta name=\"robots\" content=\"noindex, nofollow\" \/>\n<meta property=\"og:locale\" content=\"pt_BR\" \/>\n<meta property=\"og:type\" content=\"article\" \/>\n<meta property=\"og:title\" content=\"Pol\u00edtica de privacidade - Si9 Sistemas\" \/>\n<meta property=\"og:description\" content=\"POL\u00cdTICA DE PRIVACIDADE (LGPD) &nbsp; As seguintes regras e condi\u00e7\u00f5es ser\u00e3o consideradas aceitas pelo usu\u00e1rio, a partir da utiliza\u00e7\u00e3o dos servi\u00e7os fornecidos pela SI9 SISTEMAS. Assim, \u00e9 imprescind\u00edvel a leitura cuidadosa das regras previstas no presente instrumento, as quais, apresentam as condi\u00e7\u00f5es, deveres e direitos dos usu\u00e1rios. 1. Objetivo: O presente instrumento foi criado com [&hellip;]\" \/>\n<meta property=\"og:url\" content=\"https:\/\/si9sistemas.com.br\/blog\/politica-de-privacidade\/\" \/>\n<meta property=\"og:site_name\" content=\"Si9 Sistemas\" \/>\n<meta property=\"article:publisher\" content=\"https:\/\/facebook.com\/si9sistemas\" \/>\n<meta property=\"article:modified_time\" content=\"2024-06-16T21:32:24+00:00\" \/>\n<meta property=\"og:image\" content=\"https:\/\/si9sistemas.com.br\/blog\/wp-content\/uploads\/2022\/04\/Prancheta-2.png\" \/>\n\t<meta property=\"og:image:width\" content=\"1080\" \/>\n\t<meta property=\"og:image:height\" content=\"1080\" \/>\n\t<meta property=\"og:image:type\" content=\"image\/png\" \/>\n<meta name=\"twitter:card\" content=\"summary_large_image\" \/>\n<meta name=\"twitter:site\" content=\"@si9sistemas\" \/>\n<meta name=\"twitter:label1\" content=\"Est. tempo de leitura\" \/>\n\t<meta name=\"twitter:data1\" content=\"8 minutos\" \/>\n<script type=\"application\/ld+json\" class=\"yoast-schema-graph\">{\"@context\":\"https:\/\/schema.org\",\"@graph\":[{\"@type\":\"WebPage\",\"@id\":\"https:\/\/si9sistemas.com.br\/blog\/politica-de-privacidade\/\",\"url\":\"https:\/\/si9sistemas.com.br\/blog\/politica-de-privacidade\/\",\"name\":\"Pol\u00edtica de privacidade - Si9 Sistemas\",\"isPartOf\":{\"@id\":\"https:\/\/si9sistemas.com.br\/blog\/#website\"},\"datePublished\":\"2019-06-12T12:37:22+00:00\",\"dateModified\":\"2024-06-16T21:32:24+00:00\",\"breadcrumb\":{\"@id\":\"https:\/\/si9sistemas.com.br\/blog\/politica-de-privacidade\/#breadcrumb\"},\"inLanguage\":\"pt-BR\",\"potentialAction\":[{\"@type\":\"ReadAction\",\"target\":[\"https:\/\/si9sistemas.com.br\/blog\/politica-de-privacidade\/\"]}]},{\"@type\":\"BreadcrumbList\",\"@id\":\"https:\/\/si9sistemas.com.br\/blog\/politica-de-privacidade\/#breadcrumb\",\"itemListElement\":[{\"@type\":\"ListItem\",\"position\":1,\"name\":\"In\u00edcio\",\"item\":\"https:\/\/si9sistemas.com.br\/blog\/\"},{\"@type\":\"ListItem\",\"position\":2,\"name\":\"Pol\u00edtica de privacidade\"}]},{\"@type\":\"WebSite\",\"@id\":\"https:\/\/si9sistemas.com.br\/blog\/#website\",\"url\":\"https:\/\/si9sistemas.com.br\/blog\/\",\"name\":\"Si9 Sistemas\",\"description\":\"Software para Imobili\u00e1rias\",\"publisher\":{\"@id\":\"https:\/\/si9sistemas.com.br\/blog\/#organization\"},\"potentialAction\":[{\"@type\":\"SearchAction\",\"target\":{\"@type\":\"EntryPoint\",\"urlTemplate\":\"https:\/\/si9sistemas.com.br\/blog\/?s={search_term_string}\"},\"query-input\":{\"@type\":\"PropertyValueSpecification\",\"valueRequired\":true,\"valueName\":\"search_term_string\"}}],\"inLanguage\":\"pt-BR\"},{\"@type\":\"Organization\",\"@id\":\"https:\/\/si9sistemas.com.br\/blog\/#organization\",\"name\":\"Si9 Sistemas\",\"url\":\"https:\/\/si9sistemas.com.br\/blog\/\",\"logo\":{\"@type\":\"ImageObject\",\"inLanguage\":\"pt-BR\",\"@id\":\"https:\/\/si9sistemas.com.br\/blog\/#\/schema\/logo\/image\/\",\"url\":\"https:\/\/i0.wp.com\/si9sistemas.com.br\/wp-content\/uploads\/2020\/04\/nova-si9-1.jpg?fit=1200%2C1200&ssl=1\",\"contentUrl\":\"https:\/\/i0.wp.com\/si9sistemas.com.br\/wp-content\/uploads\/2020\/04\/nova-si9-1.jpg?fit=1200%2C1200&ssl=1\",\"width\":1200,\"height\":1200,\"caption\":\"Si9 Sistemas\"},\"image\":{\"@id\":\"https:\/\/si9sistemas.com.br\/blog\/#\/schema\/logo\/image\/\"},\"sameAs\":[\"https:\/\/facebook.com\/si9sistemas\",\"https:\/\/x.com\/si9sistemas\",\"https:\/\/www.instagram.com\/si9sistemas\/\",\"https:\/\/www.linkedin.com\/company\/67941095\/admin\/\",\"https:\/\/br.pinterest.com\/si9sistemas\/\",\"https:\/\/www.youtube.com\/channel\/UC_zHcJy7WvcmzhKW43QQEVw\"]}]}<\/script>\n<!-- \/ Yoast SEO plugin. -->","yoast_head_json":{"title":"Pol\u00edtica de privacidade - Si9 Sistemas","robots":{"index":"noindex","follow":"nofollow"},"og_locale":"pt_BR","og_type":"article","og_title":"Pol\u00edtica de privacidade - Si9 Sistemas","og_description":"POL\u00cdTICA DE PRIVACIDADE (LGPD) &nbsp; As seguintes regras e condi\u00e7\u00f5es ser\u00e3o consideradas aceitas pelo usu\u00e1rio, a partir da utiliza\u00e7\u00e3o dos servi\u00e7os fornecidos pela SI9 SISTEMAS. Assim, \u00e9 imprescind\u00edvel a leitura cuidadosa das regras previstas no presente instrumento, as quais, apresentam as condi\u00e7\u00f5es, deveres e direitos dos usu\u00e1rios. 1. Objetivo: O presente instrumento foi criado com [&hellip;]","og_url":"https:\/\/si9sistemas.com.br\/blog\/politica-de-privacidade\/","og_site_name":"Si9 Sistemas","article_publisher":"https:\/\/facebook.com\/si9sistemas","article_modified_time":"2024-06-16T21:32:24+00:00","og_image":[{"width":1080,"height":1080,"url":"https:\/\/si9sistemas.com.br\/blog\/wp-content\/uploads\/2022\/04\/Prancheta-2.png","type":"image\/png"}],"twitter_card":"summary_large_image","twitter_site":"@si9sistemas","twitter_misc":{"Est. tempo de leitura":"8 minutos"},"schema":{"@context":"https:\/\/schema.org","@graph":[{"@type":"WebPage","@id":"https:\/\/si9sistemas.com.br\/blog\/politica-de-privacidade\/","url":"https:\/\/si9sistemas.com.br\/blog\/politica-de-privacidade\/","name":"Pol\u00edtica de privacidade - Si9 Sistemas","isPartOf":{"@id":"https:\/\/si9sistemas.com.br\/blog\/#website"},"datePublished":"2019-06-12T12:37:22+00:00","dateModified":"2024-06-16T21:32:24+00:00","breadcrumb":{"@id":"https:\/\/si9sistemas.com.br\/blog\/politica-de-privacidade\/#breadcrumb"},"inLanguage":"pt-BR","potentialAction":[{"@type":"ReadAction","target":["https:\/\/si9sistemas.com.br\/blog\/politica-de-privacidade\/"]}]},{"@type":"BreadcrumbList","@id":"https:\/\/si9sistemas.com.br\/blog\/politica-de-privacidade\/#breadcrumb","itemListElement":[{"@type":"ListItem","position":1,"name":"In\u00edcio","item":"https:\/\/si9sistemas.com.br\/blog\/"},{"@type":"ListItem","position":2,"name":"Pol\u00edtica de privacidade"}]},{"@type":"WebSite","@id":"https:\/\/si9sistemas.com.br\/blog\/#website","url":"https:\/\/si9sistemas.com.br\/blog\/","name":"Si9 Sistemas","description":"Software para Imobili\u00e1rias","publisher":{"@id":"https:\/\/si9sistemas.com.br\/blog\/#organization"},"potentialAction":[{"@type":"SearchAction","target":{"@type":"EntryPoint","urlTemplate":"https:\/\/si9sistemas.com.br\/blog\/?s={search_term_string}"},"query-input":{"@type":"PropertyValueSpecification","valueRequired":true,"valueName":"search_term_string"}}],"inLanguage":"pt-BR"},{"@type":"Organization","@id":"https:\/\/si9sistemas.com.br\/blog\/#organization","name":"Si9 Sistemas","url":"https:\/\/si9sistemas.com.br\/blog\/","logo":{"@type":"ImageObject","inLanguage":"pt-BR","@id":"https:\/\/si9sistemas.com.br\/blog\/#\/schema\/logo\/image\/","url":"https:\/\/i0.wp.com\/si9sistemas.com.br\/wp-content\/uploads\/2020\/04\/nova-si9-1.jpg?fit=1200%2C1200&ssl=1","contentUrl":"https:\/\/i0.wp.com\/si9sistemas.com.br\/wp-content\/uploads\/2020\/04\/nova-si9-1.jpg?fit=1200%2C1200&ssl=1","width":1200,"height":1200,"caption":"Si9 Sistemas"},"image":{"@id":"https:\/\/si9sistemas.com.br\/blog\/#\/schema\/logo\/image\/"},"sameAs":["https:\/\/facebook.com\/si9sistemas","https:\/\/x.com\/si9sistemas","https:\/\/www.instagram.com\/si9sistemas\/","https:\/\/www.linkedin.com\/company\/67941095\/admin\/","https:\/\/br.pinterest.com\/si9sistemas\/","https:\/\/www.youtube.com\/channel\/UC_zHcJy7WvcmzhKW43QQEVw"]}]}},"jetpack-related-posts":[],"jetpack_sharing_enabled":true,"_links":{"self":[{"href":"https:\/\/si9sistemas.com.br\/blog\/wp-json\/wp\/v2\/pages\/3"}],"collection":[{"href":"https:\/\/si9sistemas.com.br\/blog\/wp-json\/wp\/v2\/pages"}],"about":[{"href":"https:\/\/si9sistemas.com.br\/blog\/wp-json\/wp\/v2\/types\/page"}],"author":[{"embeddable":true,"href":"https:\/\/si9sistemas.com.br\/blog\/wp-json\/wp\/v2\/users\/1"}],"replies":[{"embeddable":true,"href":"https:\/\/si9sistemas.com.br\/blog\/wp-json\/wp\/v2\/comments?post=3"}],"version-history":[{"count":4,"href":"https:\/\/si9sistemas.com.br\/blog\/wp-json\/wp\/v2\/pages\/3\/revisions"}],"predecessor-version":[{"id":4814,"href":"https:\/\/si9sistemas.com.br\/blog\/wp-json\/wp\/v2\/pages\/3\/revisions\/4814"}],"wp:attachment":[{"href":"https:\/\/si9sistemas.com.br\/blog\/wp-json\/wp\/v2\/media?parent=3"}],"curies":[{"name":"wp","href":"https:\/\/api.w.org\/{rel}","templated":true}]}}